{"id":94,"date":"2020-12-14T07:17:44","date_gmt":"2020-12-14T06:17:44","guid":{"rendered":"https:\/\/beitkrakow.tempel.pl\/?page_id=94"},"modified":"2026-01-27T21:12:53","modified_gmt":"2026-01-27T20:12:53","slug":"bonim","status":"publish","type":"page","link":"https:\/\/beitkrakow.tempel.pl\/pl\/bonim\/","title":{"rendered":"Zosta\u0144 Budowniczym"},"content":{"rendered":"<p>Je\u015bli chcesz wesprze\u0107 finansowo projekt renowacji synagogi, wybierz jedn\u0105 z opcji A. B. C. D. poni\u017cej.<br \/><br \/>Chcieliby\u015bmy m\u00f3c podzi\u0119kowa\u0107 osobi\u015bcie ka\u017cdemu kto wesprze ten projekt. Je\u015bli planujesz odwiedzi\u0107 Krak\u00f3w, zapraszamy do kontaktu na <strong>office@tempel.pl<\/strong>. Po zako\u0144czeniu renowacji mamy nadziej\u0119 <strong>osobi\u015bcie powita\u0107 Ci\u0119 w synagodze<\/strong>. Je\u017celi nie planujesz wyprawy do Krakowa, mo\u017ce w ramach podzi\u0119kowania mo\u017cemy przes\u0142a\u0107 Ci pami\u0105tk\u0119.<\/p>\r\n<h3><strong><span class=\"has-inline-color\" style=\"color: #c40055;\">A. Darowizna PayPal poprzez konto PayPal lub Kart\u0119 Kredytow\u0105 (na ca\u0142ym \u015bwiecie)<\/span><\/strong><\/h3>\r\n<table style=\"border-collapse: collapse; width: 30.2521%; height: 81px;\">\r\n<tbody>\r\n<tr>\r\n<td style=\"width: 100%;\"><strong>Darowizna w PLN<\/strong><\/td>\r\n<\/tr>\r\n<tr>\r\n<td style=\"width: 100%;\"><form action=\"https:\/\/www.paypal.com\/donate\" method=\"post\" target=\"_top\"><input name=\"hosted_button_id\" type=\"hidden\" value=\"K32LJQYQWFRJA\" \/> <input title=\"PayPal - The safer, easier way to pay online!\" alt=\"Przeka\u017c darowizn\u0119 za pomoc\u0105 przycisku PayPal\" name=\"submit\" src=\"https:\/\/www.paypalobjects.com\/pl_PL\/PL\/i\/btn\/btn_donateCC_LG.gif\" type=\"image\" \/> <img loading=\"lazy\" decoding=\"async\" src=\"https:\/\/www.paypal.com\/pl_PL\/i\/scr\/pixel.gif\" alt=\"\" width=\"1\" height=\"1\" border=\"0\" \/><\/form><\/td>\r\n<\/tr>\r\n<\/tbody>\r\n<\/table>\r\n<!-- \/wp:post-content -->\r\n<h3>\u00a0<\/h3>\r\n<table style=\"border-collapse: collapse; width: 61.5846%; height: 70px;\">\r\n<tbody>\r\n<tr style=\"height: 24px;\">\r\n<td style=\"height: 24px; width: 49.94%;\"><strong>Donate in EUR<\/strong><\/td>\r\n<td style=\"height: 24px; width: 49.94%;\"><strong>Donate in USD<\/strong><\/td>\r\n<\/tr>\r\n<tr style=\"height: 54px;\">\r\n<td style=\"width: 49.94%; height: 54px;\"><form action=\"https:\/\/www.paypal.com\/donate\" method=\"post\" target=\"_top\"><input name=\"hosted_button_id\" type=\"hidden\" value=\"H9B5LCA6MSNGC\" \/> <input title=\"PayPal - The safer, easier way to pay online!\" alt=\"Donate with PayPal button\" name=\"submit\" src=\"https:\/\/www.paypalobjects.com\/en_US\/PL\/i\/btn\/btn_donateCC_LG.gif\" type=\"image\" \/> <img loading=\"lazy\" decoding=\"async\" src=\"https:\/\/www.paypal.com\/en_PL\/i\/scr\/pixel.gif\" alt=\"\" width=\"1\" height=\"1\" border=\"0\" \/><\/form><!-- \/wp:html --><\/td>\r\n<td style=\"width: 49.94%; height: 54px;\"><form action=\"https:\/\/www.paypal.com\/donate\" method=\"post\" target=\"_top\"><input name=\"hosted_button_id\" type=\"hidden\" value=\"RXV29CUEM5QJJ\" \/> <input title=\"PayPal - The safer, easier way to pay online!\" alt=\"Donate with PayPal button\" name=\"submit\" src=\"https:\/\/www.paypalobjects.com\/en_US\/PL\/i\/btn\/btn_donateCC_LG.gif\" type=\"image\" \/> <img loading=\"lazy\" decoding=\"async\" src=\"https:\/\/www.paypal.com\/en_PL\/i\/scr\/pixel.gif\" alt=\"\" width=\"1\" height=\"1\" border=\"0\" \/><\/form><\/td>\r\n<\/tr>\r\n<\/tbody>\r\n<\/table>\r\n<h3><strong><span class=\"has-inline-color\" style=\"color: #c40055;\">B. Przelew Bankowy<\/span><\/strong><\/h3>\r\n<p><strong><em>Nazwa fundacji:<\/em><\/strong><br \/>Centrum Judaizmu Post\u0119powego<br \/><b>Adres:<\/b><br \/>ul. Miodowa 22\/11, 31-055 Krak\u00f3w, Polska<\/p>\r\n<p><strong>www.tempel.pl<\/strong><\/p>\r\n<p><strong>NIP:<\/strong> 6762533206<br \/><strong>KRS<\/strong>: 0000685168<\/p>\r\n<p><strong>Numer Konta:<\/strong> 55 1240 4432 1111 0010 7532 2196<br \/><strong>IBAN:<\/strong> PL55124044321111001075322196<br \/><strong>SWIFT (BIC):<\/strong> PKOPPLPW<br \/><strong>Adres banku:<\/strong> ul. J\u00f3zefi\u0144ska 18, 30-955 Krak\u00f3w, POLAND<\/p>\r\n<p><strong>Tytu\u0142em:<\/strong> Darowizna na renowacj\u0119 synagogi<\/p>\r\n<h3 id=\"payu_donation\"><strong><span class=\"has-inline-color\" style=\"color: #c40055;\">C. Darowizna kart\u0105 kredytowa lub szybkim przelewem bankowym (Europa)<\/span><\/strong><\/h3>\r\n<p>Wkr\u00f3tce dost\u0119pne<\/p>\r\n<h3><strong><span class=\"has-inline-color\" style=\"color: #c40055;\">D. Czeki<\/span><\/strong><\/h3>\r\n<p><strong><em>Nazwa fundacji:<\/em><\/strong><br \/>Centrum Judaizmu Post\u0119powego<br \/><b>Adres:<\/b><br \/>ul. Miodowa 22\/11, 31-055 Krak\u00f3w, Polska<br \/><strong>Adres email<em>:<\/em><\/strong><br \/>office@tempel.pl<\/p>\r\n<h2><strong><span class=\"has-inline-color\" style=\"color: #c40055;\">Dzi\u0119kujemy za wsparcie!<\/span><\/strong><\/h2>\r\n<p>&nbsp;<\/p>","protected":false},"excerpt":{"rendered":"<p>Je\u015bli chcesz wesprze\u0107 finansowo projekt renowacji synagogi, wybierz jedn\u0105 z opcji A. B. C. D. poni\u017cej. Chcieliby\u015bmy m\u00f3c podzi\u0119kowa\u0107 osobi\u015bcie ka\u017cdemu kto wesprze ten projekt. Je\u015bli planujesz odwiedzi\u0107 Krak\u00f3w, zapraszamy do kontaktu na office@tempel.pl. Po zako\u0144czeniu renowacji mamy nadziej\u0119 osobi\u015bcie powita\u0107 Ci\u0119 w synagodze. Je\u017celi nie planujesz wyprawy do Krakowa, mo\u017ce w ramach podzi\u0119kowania mo\u017cemy [&hellip;]<\/p>\n","protected":false},"author":1,"featured_media":0,"parent":0,"menu_order":0,"comment_status":"closed","ping_status":"closed","template":"","meta":{"footnotes":""},"class_list":["post-94","page","type-page","status-publish","hentry"],"_links":{"self":[{"href":"https:\/\/beitkrakow.tempel.pl\/pl\/wp-json\/wp\/v2\/pages\/94","targetHints":{"allow":["GET"]}}],"collection":[{"href":"https:\/\/beitkrakow.tempel.pl\/pl\/wp-json\/wp\/v2\/pages"}],"about":[{"href":"https:\/\/beitkrakow.tempel.pl\/pl\/wp-json\/wp\/v2\/types\/page"}],"author":[{"embeddable":true,"href":"https:\/\/beitkrakow.tempel.pl\/pl\/wp-json\/wp\/v2\/users\/1"}],"replies":[{"embeddable":true,"href":"https:\/\/beitkrakow.tempel.pl\/pl\/wp-json\/wp\/v2\/comments?post=94"}],"version-history":[{"count":40,"href":"https:\/\/beitkrakow.tempel.pl\/pl\/wp-json\/wp\/v2\/pages\/94\/revisions"}],"predecessor-version":[{"id":499,"href":"https:\/\/beitkrakow.tempel.pl\/pl\/wp-json\/wp\/v2\/pages\/94\/revisions\/499"}],"wp:attachment":[{"href":"https:\/\/beitkrakow.tempel.pl\/pl\/wp-json\/wp\/v2\/media?parent=94"}],"curies":[{"name":"wp","href":"https:\/\/api.w.org\/{rel}","templated":true}]}}