{"id":540,"date":"2026-01-27T16:21:55","date_gmt":"2026-01-27T15:21:55","guid":{"rendered":"https:\/\/beitkrakow.tempel.pl\/?page_id=540"},"modified":"2026-01-27T21:10:22","modified_gmt":"2026-01-27T20:10:22","slug":"apel","status":"publish","type":"page","link":"https:\/\/beitkrakow.tempel.pl\/pl\/apel\/","title":{"rendered":"Apel o ratowanie krakowskiej synagogi"},"content":{"rendered":"<p><a href=\"https:\/\/beitkrakow.tempel.pl\/wp-content\/uploads\/2026\/01\/Apel27.01.2026_synagoga.pdf\" target=\"_blank\" rel=\"noopener\">Pobierz Apel w postaci PDF (PL+EN)<\/a> podpisz i przy\u015blij na kontakt@beitkrakow.org, dor\u0119cz osobi\u015bcie lub wy\u015blij prosto do Ministerstwa Kultury i Dziedzictwa Narodowego<\/p>\n<p><span style=\"font-size: 14pt; color: #993366;\"><strong>Podpisz petycj\u0119 on-line:<\/strong> <\/span><a href=\"https:\/\/www.naszademokracja.pl\/petitions\/apel-o-ratowanie-krakowskiej-synagogi-miejsca-pamieci-ofiar-zaglady-unikalnego-zabytku-unesco-1\" target=\"_blank\" rel=\"noopener\">po Polsku na NaszaDemokracja<\/a> lub <a href=\"https:\/\/openletter.earth\/appeal-to-save-krakows-historic-synagogue-a-place-of-remembrance-for-the-victims-of-the-holocaust-a-unique-unesco-monument-ec154abd\" target=\"_blank\" rel=\"noopener\">po angielsku na OpenLetter<\/a><\/p>\n<hr \/>\n<p>&nbsp;<\/p>\n<p><span style=\"color: #3366ff;\"><b>#WeRemember #pami\u0119tamy<\/b><\/span><\/p>\n<p><b><i>Pami\u0119\u0107 to dzia\u0142anie! &#8212; To remember means to act! <\/i><\/b><\/p>\n<p style=\"padding-left: 160px;\"><b>Do: <\/b><b>Minister Kultury i Dziedzictwa Narodowego<br \/>\n<\/b><b>Krakowskie Przedmie\u015bcie 15<br \/>\n<\/b><b>00-071 Warszawa<\/b><\/p>\n<h2 style=\"text-align: center; font-family: Helvetica!;\"><b>Apel o ratowanie krakowskiej synagogi <\/b><b><br \/>\n<\/b><b>&#8211; miejsca pami\u0119ci Ofiar Zag\u0142ady, unikalnego zabytku UNESCO<\/b><\/h2>\n<p><span style=\"font-weight: 400;\">My, ni\u017cej podpisani, kt\u00f3rych \u0142\u0105czy wsp\u00f3lna idea ochrony pami\u0119ci i dziedzictwa jako podstawy budowania wsp\u00f3lnoty, pokoju i lepszej przysz\u0142o\u015bci &#8211; mieszka\u0144cy Krakowa i innych miast, obywatele Polski i innych kraj\u00f3w \u015awiata, mieszka\u0144cy Europy i innych kontynent\u00f3w, przedstawiciele r\u00f3\u017cnych kultur i wyzna\u0144, \u015bwiatopogl\u0105d\u00f3w i przekona\u0144 &#8211; <\/span><b>\u00a0<\/b><span style=\"font-weight: 400;\">apelujemy o ratowanie zabytkowej synagogi po\u0142o\u017conej na krakowskim Kazimierzu, w strefie dziedzictwa UNESCO, w podw\u00f3rku u zbiegu ulic Mostowej i Trynitarskiej w Krakowie &#8211; domu modlitwy rodzin skupionych wok\u00f3\u0142 przedwojennego krakowskiego <\/span><i><span style=\"font-weight: 400;\">Stowarzyszenia Domu Modlitwy Lednitzer\u00f3w.<\/span><\/i><span style=\"font-weight: 400;\">\u00a0<\/span><\/p>\n<p><b>Domagamy si\u0119 uratowania i rewitalizacji tej jedynej w swoim rodzaju, unikalnej na skal\u0119 Europy podw\u00f3rkowej synagogi, i obj\u0119cia tej pere\u0142ki krakowskiego i mi\u0119dzynarodowego dziedzictwa UNESCO, miejsca pami\u0119ci Ofiar Zag\u0142ady, nale\u017cyt\u0105 ochron\u0105 prawn\u0105 i organizacyjn\u0105, kt\u00f3rej do dzisiaj brakuje.<\/b><\/p>\n<p><span style=\"font-weight: 400;\">Wspieramy wieloletnie d\u0105\u017cenia zespo\u0142u merytorycznego <\/span><i><span style=\"font-weight: 400;\">Spo\u0142ecznego Projektu Rewitalizacji Synagogi<\/span><\/i><span style=\"font-weight: 400;\"> pod kierownictwem krakowskiego rabina &#8211; <\/span><i><span style=\"font-weight: 400;\">Rabin Tanyi Segal<\/span><\/i><span style=\"font-weight: 400;\"> oraz cz\u0142onk\u00f3w i przyjaci\u00f3\u0142 \u017cydowskiej spo\u0142eczno\u015bci <\/span><i><span style=\"font-weight: 400;\">Beit Krak\u00f3w<\/span><\/i><span style=\"font-weight: 400;\">, kt\u00f3rych dzia\u0142ania, nak\u0142ad pracy i \u015brodk\u00f3w doprowadzi\u0142y do wykonania bada\u0144 konserwatorskich i stworzenia projektu architektonicznego rewitalizacji synagogi oraz do dora\u017anego zabezpieczenia przed zniszczeniem tego cennego zabytku, kt\u00f3ry b\u0119d\u0105c w r\u0119kach Miasta Krakowa, przez dekady nieremontowany stopniowo popada w ruin\u0119.<\/span><\/p>\n<p><span style=\"font-weight: 400;\">Mamy nadziej\u0119, \u017ce odnowiona synagoga, przywr\u00f3cona mieszka\u0144com Krakowa jako centrum \u017cydowskiego \u017cycia, kultury i dialogu otworzy nowy rozdzia\u0142 w dziejach Krakowa i &#8211; na r\u00f3wni z innymi odnowionymi zabytkami krakowskiego Kazimierza &#8211; b\u0119dzie jaskrawym przyk\u0142adem tego, \u017ce niegdy\u015b<\/span> <span style=\"font-weight: 400;\">celowe wymazywanie pami\u0119ci, niszczenie i dyskryminowanie \u017cydowskiego dziedzictwa nie jest ju\u017c dzisiaj i nigdy nie b\u0119dzie ju\u017c w Polsce akceptowane.\u00a0<\/span><\/p>\n<p><span style=\"font-weight: 400;\">Wierzymy, \u017ce odremontowana synagoga b\u0119dzie wyj\u0105tkowym, \u017cywym miejscem pami\u0119ci niegdy\u015b modl\u0105cej si\u0119 w niej spo\u0142eczno\u015bci, ale r\u00f3wnie\u017c wspomnieniem wielu innych spo\u015br\u00f3d prawie 120 przedwojennych krakowskich dom\u00f3w modlitwy, kt\u00f3re po wojnie bezpowrotnie znikn\u0119\u0142y z mapy Krakowa wraz z pami\u0119ci\u0105 o mieszka\u0144cach miasta, dla kt\u00f3rych kiedy\u015b stanowi\u0142y centrum ca\u0142ego ich \u015bwiata.\u00a0<\/span><\/p>\n<p><span style=\"font-weight: 400;\">Nalegamy aby Ministerstwo Kultury i Dziedzictwa Narodowego podj\u0119\u0142o zdecydowane kroki w celu ochrony synagogi &#8211; naszego wsp\u00f3lnego dziedzictwa i do zachowania pami\u0119ci o tych, kt\u00f3rych z nami tutaj ju\u017c nie ma, a o kt\u00f3rych pami\u0119\u0107 zobowi\u0105zali\u015bmy si\u0119 podtrzymywa\u0107 i przekazywa\u0107 nast\u0119pnym pokoleniom.<\/span><\/p>\n<p>&nbsp;<\/p>\n<p>&nbsp;<\/p>\n<p>&nbsp;<\/p>\n<p>&nbsp;<\/p>","protected":false},"excerpt":{"rendered":"<p>Pobierz Apel w postaci PDF (PL+EN) podpisz i przy\u015blij na kontakt@beitkrakow.org, dor\u0119cz osobi\u015bcie lub wy\u015blij prosto do Ministerstwa Kultury i Dziedzictwa Narodowego Podpisz petycj\u0119 on-line: po Polsku na NaszaDemokracja lub po angielsku na OpenLetter &nbsp; #WeRemember #pami\u0119tamy Pami\u0119\u0107 to dzia\u0142anie! &#8212; To remember means to act! Do: Minister Kultury i Dziedzictwa Narodowego Krakowskie Przedmie\u015bcie 15 [&hellip;]<\/p>\n","protected":false},"author":1,"featured_media":0,"parent":0,"menu_order":0,"comment_status":"closed","ping_status":"closed","template":"","meta":{"footnotes":""},"class_list":["post-540","page","type-page","status-publish","hentry"],"_links":{"self":[{"href":"https:\/\/beitkrakow.tempel.pl\/pl\/wp-json\/wp\/v2\/pages\/540","targetHints":{"allow":["GET"]}}],"collection":[{"href":"https:\/\/beitkrakow.tempel.pl\/pl\/wp-json\/wp\/v2\/pages"}],"about":[{"href":"https:\/\/beitkrakow.tempel.pl\/pl\/wp-json\/wp\/v2\/types\/page"}],"author":[{"embeddable":true,"href":"https:\/\/beitkrakow.tempel.pl\/pl\/wp-json\/wp\/v2\/users\/1"}],"replies":[{"embeddable":true,"href":"https:\/\/beitkrakow.tempel.pl\/pl\/wp-json\/wp\/v2\/comments?post=540"}],"version-history":[{"count":18,"href":"https:\/\/beitkrakow.tempel.pl\/pl\/wp-json\/wp\/v2\/pages\/540\/revisions"}],"predecessor-version":[{"id":564,"href":"https:\/\/beitkrakow.tempel.pl\/pl\/wp-json\/wp\/v2\/pages\/540\/revisions\/564"}],"wp:attachment":[{"href":"https:\/\/beitkrakow.tempel.pl\/pl\/wp-json\/wp\/v2\/media?parent=540"}],"curies":[{"name":"wp","href":"https:\/\/api.w.org\/{rel}","templated":true}]}}